{"id":2443,"date":"2025-10-30T13:55:11","date_gmt":"2025-10-30T12:55:11","guid":{"rendered":"https:\/\/www.schloss-kaltenberg-weihnachtsmarkt.de\/?page_id=2443"},"modified":"2025-10-30T13:55:12","modified_gmt":"2025-10-30T12:55:12","slug":"home-3","status":"publish","type":"page","link":"https:\/\/www.schloss-kaltenberg-weihnachtsmarkt.de\/en\/","title":{"rendered":"Home"},"content":{"rendered":"<div class=\"wpb-content-wrapper\"><p>[vc_row type=&#8221;1&#8243; bg_color=&#8221;#00152f&#8221; bg_position=&#8221;center&#8221; bg_cover=&#8221;true&#8221; enable_parallax=&#8221;false&#8221; parallax_speed=&#8221;0.3&#8243;][vc_column][vc_single_image image=&#8221;1454&#8243; img_size=&#8221;full&#8221; alignment=&#8221;center&#8221; css=&#8221;.vc_custom_1757500613179{padding-top: 15px !important;padding-bottom: 250px !important;}&#8221;][vc_single_image image=&#8221;2332&#8243; img_size=&#8221;full&#8221; alignment=&#8221;center&#8221; css=&#8221;.vc_custom_1757500507828{margin-top: 0px !important;}&#8221;][\/vc_column][\/vc_row][vc_row type=&#8221;5&#8243;][vc_column animation=&#8221;fadeIn&#8221; css=&#8221;.vc_custom_1477387808892{margin-top: 30px !important;}&#8221;][vc_column_text css_animation=&#8221;fadeInDown&#8221; css=&#8221;.vc_custom_1736267348084{margin-top: 25px !important;margin-bottom: 50px !important;}&#8221;]<\/p>\n<h1>Schloss Kaltenberg \u2013 Magischer Advent 2025<\/h1>\n<p>Es ist der wohl ungew\u00f6hnlichste und stimmungsvollste Weihnachtsmarkt, der an allen\u00a0Advents-Wochenenden auf Schloss Kaltenberg zu erleben ist. Schon von weitem sieht man das Schlossgel\u00e4nde in stimmungsvollen Farben gl\u00e4nzen.<\/p>\n<p>Die ganze Pracht des gewaltigen Lichterzaubers, der das Schloss und den Wald umf\u00e4ngt, erschlie\u00dft sich einem jedoch erst, wenn man das gro\u00dfe Eingangstor erreicht hat. Dort taucht man ein in eine zauberhafte M\u00e4rchenwelt, inspiriert durch die Erz\u00e4hlungen der Gebr\u00fcder Grimm\u00a0\u2026<\/p>\n<p>Einfach magisch![\/vc_column_text][\/vc_column][\/vc_row][vc_row type=&#8221;3&#8243;][vc_column css=&#8221;.vc_custom_1512060891982{margin-top: 20px !important;}&#8221;][vc_column_text css=&#8221;.vc_custom_1725959712124{padding-top: 20px !important;}&#8221;]<\/p>\n<h1><\/h1>\n<h1 style=\"text-align: center;\">Tickets online kaufen:<\/h1>\n<p>[\/vc_column_text][vc_btn title=&#8221;Zu den Tickets&#8221; style=&#8221;classic&#8221; color=&#8221;green&#8221; size=&#8221;lg&#8221; align=&#8221;center&#8221; i_type=&#8221;typicons&#8221; i_icon_typicons=&#8221;typcn typcn-ticket&#8221; css=&#8221;&#8221; add_icon=&#8221;true&#8221; link=&#8221;url:%23preise|&#8221;][\/vc_column][\/vc_row][vc_row type=&#8221;5&#8243;][vc_column animation=&#8221;fadeIn&#8221; css=&#8221;.vc_custom_1633353055174{margin-top: 10px !important;margin-bottom: 30px !important;}&#8221;][vc_column_text css_animation=&#8221;fadeInDown&#8221; css=&#8221;.vc_custom_1538466179094{margin-top: 25px !important;margin-bottom: 50px !important;}&#8221;][\/vc_column_text][vc_video link=&#8221;https:\/\/youtu.be\/OH_bcdIQj-c?si=jXFzqB1kumiybeAy&#8221; el_width=&#8221;90&#8243; align=&#8221;center&#8221; title=&#8221;Video&#8221;][\/vc_column][\/vc_row][vc_row][vc_column width=&#8221;1\/3&#8243; css=&#8221;.vc_custom_1476278102316{border-top-width: 20px !important;border-right-width: 20px !important;border-bottom-width: 20px !important;border-left-width: 20px !important;}&#8221;][vc_tta_accordion style=&#8221;outline&#8221; color=&#8221;white&#8221; active_section=&#8221;0&#8243; collapsible_all=&#8221;true&#8221; title=&#8221;\u00d6ffnungszeiten&#8221;][vc_tta_section title=&#8221;1. Advents-Wochenende&#8221; tab_id=&#8221;1476277841873-2c6fafe2-3e2a&#8221;][vc_column_text css=&#8221;&#8221;]<strong>Freitag 28.11.2025<\/strong><br \/>\n16:00 bis 21:30 UHR<\/p>\n<p><strong>Samstag 29.11.2025<\/strong><br \/>\n12:30 bis 21:30 UHR<\/p>\n<p><strong>Sonntag 30.11.2025<\/strong><br \/>\n11:30 bis 20:00 UHR[\/vc_column_text][\/vc_tta_section][vc_tta_section title=&#8221;2. Advents-Wochenende&#8221; tab_id=&#8221;1476278050883-9d946d20-0f8c&#8221;][vc_column_text css=&#8221;&#8221;]<strong>Freitag 5.12.2025<\/strong><br \/>\n16:00 bis 21:30 UHR<\/p>\n<p><strong>Samstag 6.12.2025<\/strong><br \/>\n12:30 bis 21:30 UHR<\/p>\n<p><strong>Sonntag 7.12.2025<\/strong><br \/>\n11:30 bis 20:00 UHR[\/vc_column_text][\/vc_tta_section][vc_tta_section title=&#8221;3. Advents-Wochenende&#8221; tab_id=&#8221;1521550153312-100ccaad-014a&#8221;][vc_column_text css=&#8221;&#8221;]<strong>Freitag 12.12.2025<\/strong><br \/>\n16:00 bis 21:30 UHR<\/p>\n<p><strong>Samstag 13.12.2025<\/strong><br \/>\n12:30 bis 21:30 UHR<\/p>\n<p><strong>Sonntag 14.12.2025<\/strong><br \/>\n11:30 bis 20:00 UHR[\/vc_column_text][\/vc_tta_section][vc_tta_section title=&#8221;4. Advents-Wochenende&#8221; tab_id=&#8221;1603967951965-54a5dcdf-65d5&#8243;][vc_column_text css=&#8221;&#8221;]<strong>Freitag 19.12.2025<\/strong><br \/>\n16:00 bis 21:30 UHR<\/p>\n<p><strong>Samstag 20.12.2025<\/strong><br \/>\n12:30 bis 21:30 UHR<\/p>\n<p><strong>Sonntag 21.12.2025<\/strong><br \/>\n11:30 bis 20:00 UHR[\/vc_column_text][\/vc_tta_section][vc_tta_section title=&#8221;Zusatzwochenende&#8221; tab_id=&#8221;1757493229941-5e5528bd-8436&#8243;][vc_column_text css=&#8221;&#8221;]<strong>Freitag 26.12.2025<\/strong><br \/>\n12:30 bis 21:30 UHR<\/p>\n<p><strong>Samstag 27.12.2025<\/strong><br \/>\n12:30 bis 21:30 UHR<\/p>\n<p><strong>Sonntag 28.12.2025<\/strong><br \/>\n11:30 bis 20:00 UHR[\/vc_column_text][\/vc_tta_section][\/vc_tta_accordion][\/vc_column][vc_column width=&#8221;1\/3&#8243; css=&#8221;.vc_custom_1476277663100{border-top-width: 20px !important;border-right-width: 20px !important;border-bottom-width: 20px !important;border-left-width: 20px !important;}&#8221;][vc_tta_accordion style=&#8221;outline&#8221; color=&#8221;white&#8221; active_section=&#8221;0&#8243; collapsible_all=&#8221;true&#8221; title=&#8221;Admission prices&#8221;][vc_tta_section title=&#8221;Adults&#8221; tab_id=&#8221;1476278343238-eb2bdfab-7c2e&#8221;][vc_column_text css=&#8221;&#8221;]Freitag:<strong> Preise werden bald bekannt gegeben<\/strong><br \/>\nSamstag: <strong>Preise werden bald bekannt gegeben<\/strong><br \/>\nSonntag: <strong>Preise werden bald bekannt gegeben<\/strong>[\/vc_column_text][\/vc_tta_section][vc_tta_section title=&#8221;Children&#8221; tab_id=&#8221;1476278343327-2866e75e-2d0e&#8221;][vc_column_text css=&#8221;&#8221;]Kinder 0 bis inkl. 15 Jahre <strong>Eintritt 0,- EUR &#8211; Ticket muss f\u00fcr Gel\u00e4ndezutritt gel\u00f6st werden<\/strong><strong><br \/>\n<\/strong><\/p>\n<p>Freitag (Sonderpreis):<br \/>\nJugendliche 16 bis inkl. 17 Jahre <strong>Eintritt 5,- EUR<\/strong><\/p>\n<p>Samstag und Sonntag:<br \/>\nJugendliche 16 bis inkl. 17 Jahre <strong>Eintritt 7,50 EUR<br \/>\n<\/strong>[\/vc_column_text][\/vc_tta_section][vc_tta_section title=&#8221;Discounts&#8221; tab_id=&#8221;1565781094649-4777b204-dabe&#8221;][vc_column_text css=&#8221;&#8221;]<strong>Preise werden bald bekannt gegeben<\/strong>[\/vc_column_text][\/vc_tta_section][vc_tta_section title=&#8221;Groups&#8221; tab_id=&#8221;1636100345018-a3cf41f3-4a2e&#8221;][vc_column_text css=&#8221;&#8221;]<\/p>\n<p style=\"font-weight: 400;\"><strong>Preise werden bald bekannt gegeben<\/strong><\/p>\n<p>Gruppentarife sind ausschlie\u00dflich telefonisch unter 01806 113311 oder unter der Mailadresse <a href=\"mailto:ritterturnier@schloss-kaltenberg.de\">ritterturnier@schloss-kaltenberg.de<\/a> erh\u00e4ltlich.[\/vc_column_text][\/vc_tta_section][vc_tta_section title=&#8221;For bus operators&#8221; tab_id=&#8221;1637232365439-c585b4d3-145c&#8221;][vc_column_text]Alle Infos finden Sie hier:<br \/>\n<a href=\"https:\/\/www.schloss-kaltenberg-weihnachtsmarkt.de\/busunternehmer\/\" target=\"_blank\" rel=\"noopener\">Link Seite &#8211; F\u00fcr Busunternehmen<\/a>[\/vc_column_text][\/vc_tta_section][\/vc_tta_accordion][\/vc_column][vc_column width=&#8221;1\/3&#8243; css=&#8221;.vc_custom_1476278870631{border-top-width: 20px !important;border-right-width: 20px !important;border-bottom-width: 20px !important;border-left-width: 20px !important;}&#8221;][vc_tta_accordion style=&#8221;outline&#8221; color=&#8221;white&#8221; active_section=&#8221;0&#8243; collapsible_all=&#8221;true&#8221; title=&#8221;Approach&#8221;][vc_tta_section title=&#8221;Google Maps Map&#8221; tab_id=&#8221;1476278641811-bff638f9-a895&#8243;][vc_gmaps link=&#8221;#E-8_JTNDaWZyYW1lJTIwc3JjJTNEJTIyaHR0cHMlM0ElMkYlMkZ3d3cuZ29vZ2xlLmNvbSUyRm1hcHMlMkZlbWJlZCUzRnBiJTNEJTIxMW0xOCUyMTFtMTIlMjExbTMlMjExZDI2NjIuODk4NDg4MzE0NTc5NSUyMTJkMTAuOTkwNzIzOTUxNjI1NDUzJTIxM2Q0OC4xMzE0ODA5NzkxMjA5JTIxMm0zJTIxMWYwJTIxMmYwJTIxM2YwJTIxM20yJTIxMWkxMDI0JTIxMmk3NjglMjE0ZjEzLjElMjEzbTMlMjExbTIlMjExczB4NDc5YzI2NmE5YmM3OGNjZiUyNTNBMHg5Yjk1Y2YyY2M2MGUzYThhJTIxMnNLYWx0ZW5iZXJnZXIlMkJSaXR0ZXJ0dXJuaWVyJTIxNWUwJTIxM20yJTIxMXNkZSUyMTJzZGUlMjE0djE0NzYyNzcxNTUzNTIlMjIlMjB3aWR0aCUzRCUyMjQwMCUyMiUyMGhlaWdodCUzRCUyMjQwMCUyMiUyMGZyYW1lYm9yZGVyJTNEJTIyMCUyMiUyMHN0eWxlJTNEJTIyYm9yZGVyJTNBMCUyMiUyMGFsbG93ZnVsbHNjcmVlbiUzRCUyMiUyMiUzRSUzQyUyRmlmcmFtZSUzRQ==&#8221;][\/vc_tta_section][vc_tta_section title=&#8221;By car&#8221; tab_id=&#8221;1476278641907-d2c8e5a2-5ca3&#8243;][vc_column_text css=&#8221;&#8221;]Als Navi\u00adgationsadresse benutzen Sie bitte Schlossstra\u00dfe 13, 82269 Geltendorf<\/p>\n<p><strong>Aus Augsburg:\u2028<\/strong><br \/>\nFahren Sie auf der B17 bis Ausfahrt &#8220;Klosterlechfeld&#8221;.<br \/>\nIn Klosterlechfeld verlassen Sie die B17 und folgen den Hinweisschildern nach Geltendorf und Kaltenberg.<\/p>\n<p><strong>Aus M\u00fcnchen:<\/strong><br \/>\nFahren Sie auf der Autobahn A96 Richtung Lindau, am Ammersee vorbei.<br \/>\nAn der Ausfahrt Windach verlassen Sie die Autobahn. Folgen Sie der Beschilderung in Richtung Eresing auf der Kreisstra\u00dfe LL13.<br \/>\nFolgen Sie der Hauptstra\u00dfe durch Eresing. In Eresing nach 270 m links abbiegen Richtung Schwabhausen, nach knapp 4 km an Kreuzung rechts Richtung Kaltenberg\/Geltendorf.\u00a0Nach ca. 4 km erreichen Sie Kaltenberg. Folgen Sie der Beschilderung zu den vorgesehenen Parkpl\u00e4tzen.<\/p>\n<p><strong>Von Lindau kommend:\u2028<\/strong><br \/>\nFahren Sie die A96 bis zur Ausfahrt Landsberg Ost und folgen Sie den Hinweisschildern Richtung Kaltenberg \u00fcber Penzing und Schwabhausen.[\/vc_column_text][\/vc_tta_section][vc_tta_section title=&#8221;By public transportation&#8221; tab_id=&#8221;1634633761552-fbdf15c5-2d6e&#8221;][vc_column_text css=&#8221;&#8221;]Zum Bahnhof\u00a0<strong>Geltendorf<\/strong> mit der S-Bahn (S4), dem Regional\u00adexpress von M\u00fcnchen bzw. Lindau\/F\u00fcssen oder der BRB von Augsburg bzw. Schongau.<\/p>\n<p style=\"font-weight: 400;\">\ud83d\ude8c <b>SONDERVERKEHR:<\/b> Kostenpflichtiger Linienbus (LVG 98) Bahnhof Geltendorf \u2013 Kaltenberg<\/p>\n<p style=\"font-weight: 400;\"><strong>Freitags<\/strong> ab 15:45 Uhr bis 21:45 Uhr im 30-Minuten Takt, pausiert 18:15 bis 19:15, letzte R\u00fcckfahrt ab Kaltenberg um 22:00 Uhr<br \/>\nLINK zum Fahrplan:<a href=\"https:\/\/www.schloss-kaltenberg-weihnachtsmarkt.de\/wp-content\/uploads\/2024\/10\/60-WEIHNACHTSMARKT-2024-2.pdf\" target=\"_blank\" rel=\"noopener\"> DOWNLOAD Fahrplan<\/a><\/p>\n<p style=\"font-weight: 400;\"><strong>Samstags<\/strong> ab 12:15 Uhr bis 21:45 Uhr im 30-Minuten Takt, pausiert 18:15 bis 19:15,\u00a0letzte R\u00fcckfahrt ab Kaltenberg um 22:00 Uhr<br \/>\nLINK zum Fahrplan:<a href=\"https:\/\/www.schloss-kaltenberg-weihnachtsmarkt.de\/wp-content\/uploads\/2024\/10\/60-WEIHNACHTSMARKT-2024-2.pdf\" target=\"_blank\" rel=\"noopener\"> DOWNLOAD Fahrplan<\/a><\/p>\n<p style=\"font-weight: 400;\"><strong>Sonntags<\/strong> ab 11:45 Uhr bis 19:45 Uhr im 30-Minuten Takt, pausiert 15:15 bis 16:15, letzte R\u00fcckfahrt ab Kaltenberg um 20:00 Uhr<br \/>\nLINK zum Fahrplan:<a href=\"https:\/\/www.schloss-kaltenberg-weihnachtsmarkt.de\/wp-content\/uploads\/2024\/10\/60-WEIHNACHTSMARKT-2024-2.pdf\" target=\"_blank\" rel=\"noopener\"> DOWNLOAD Fahrplan<\/a><\/p>\n<p><strong>Fahrpreis (einfach):<\/strong> Erwachsene 3,90 EUR \/ Kind (6-14 Jahre) 2,20 EUR<\/p>\n<p><span style=\"text-decoration: underline;\">Hinweis:<\/span> SONDERVERKEHR der Landsberger Verkehrsgemeinschaft, daher keine Anerkennung des 49,- EUR Tickets[\/vc_column_text][\/vc_tta_section][vc_tta_section title=&#8221;Parking&#8221; tab_id=&#8221;1476278642095-38c5a6fa-202e&#8221;][vc_column_text css=&#8221;&#8221;]Parken ist kostenlos!<br \/>\nEs stehen ausreichend Parkpl\u00e4tze zur Verf\u00fcgung.[\/vc_column_text][\/vc_tta_section][vc_tta_section title=&#8221;Worth knowing &#8211; Dogs&#8221; tab_id=&#8221;1541849599457-3e830fac-dd0d&#8221;][vc_column_text]Wir empfehlen, Hunde nicht auf den Weihnachtsmarkt mitzubringen.<br \/>\nEs befinden sich viele G\u00e4ste, darunter auch kleine Kinder, auf dem Gel\u00e4nde, die Hunde wom\u00f6glich nicht gewohnt sind oder sich davor f\u00fcrchten.<br \/>\nAuch sind Feuershows, Perchten, Musik und\u00a0Gedr\u00e4nge auf gesalzenen Wegen nicht die ideale Umgebung f\u00fcr Hunde.\u00a0Sollten Sie dennoch Ihren Hund mitbringen, bitten wir Sie, den Hund an einer kurzen Leine zu f\u00fchren.[\/vc_column_text][\/vc_tta_section][vc_tta_section title=&#8221;Worth knowing &#8211; vegan dishes&#8221; tab_id=&#8221;1670662573118-29383a0e-3814&#8243;][vc_column_text]Due to the many requests, here is the information: Vegan food is offered at many food stands.[\/vc_column_text][\/vc_tta_section][\/vc_tta_accordion][\/vc_column][\/vc_row][vc_row type=&#8221;5&#8243;][vc_column animation=&#8221;fadeIn&#8221; css=&#8221;.vc_custom_1761577466213{margin-top: 10px !important;margin-bottom: 0px !important;}&#8221;][vc_column_text css_animation=&#8221;fadeInDown&#8221; css=&#8221;.vc_custom_1761822447430{margin-top: 25px !important;margin-bottom: 50px !important;}&#8221;]<\/p>\n<div id=\"preise\"><\/div>\n<h2><b>Tickets &amp; Eintrittspreise<\/b><\/h2>\n<p class=\"p2\">Kinder bis 15 Jahre haben freien Eintritt!<\/p>\n<p>[\/vc_column_text][\/vc_column][\/vc_row][vc_row type=&#8221;5&#8243;][vc_column animation=&#8221;fadeIn&#8221; css=&#8221;.vc_custom_1761816297736{margin-top: 0px !important;margin-bottom: 30px !important;}&#8221;][vc_column_text css_animation=&#8221;fadeIn&#8221; css=&#8221;.vc_custom_1761825814762{margin-top: 25px !important;margin-bottom: 50px !important;}&#8221;]<\/p>\n<section class=\"kaltenberg-preise\"><!-- 1. Adventswochenende --><\/p>\n<div style=\"display: flex; justify-content: space-between; gap: 12px; align-items: center; border: 1px solid #e4e0da; border-radius: 6px; padding: 10px 14px; margin-bottom: 8px;\"><strong>1. Advents-Wochenende<\/strong>\u00a028.\u201330. November<br \/>\n<a style=\"background: #8b0000; color: #fff; padding: 6px 16px; border-radius: 999px; text-decoration: none; font-weight: 600;\" href=\"#tickets\">Tickets<\/a><\/div>\n<p><!-- 2. Adventswochenende --><\/p>\n<div style=\"display: flex; justify-content: space-between; gap: 12px; align-items: center; border: 1px solid #e4e0da; border-radius: 6px; padding: 10px 14px; margin-bottom: 16px;\"><strong>2. Advents-Wochenende<\/strong>05.\u201307. Dezember<br \/>\n<a style=\"background: #8b0000; color: #fff; padding: 6px 16px; border-radius: 999px; text-decoration: none; font-weight: 600;\" href=\"#tickets\">Tickets<\/a><\/div>\n<p><strong>% <i class=\"fa-solid fa-badge-percent\"><\/i>Sparpreis &#8211; 1. und 2. Advents-Wochenende &#8211;\u00a0<\/strong><br \/>\n<!-- Tabelle f\u00fcr 1. & 2. Advent --><\/p>\n<table style=\"width: 100%; border-collapse: collapse; margin-bottom: 24px;\">\n<thead>\n<tr style=\"background: #f3f0ec; text-align: left;\">\n<th style=\"padding: 12px; border: 1px solid #e0dcd5; width: 25%;\">\u00d6ffnungszeiten<\/th>\n<th style=\"padding: 12px; border: 1px solid #e0dcd5; width: 50%;\">Einlass-Zeit<\/th>\n<th style=\"padding: 12px; border: 1px solid #e0dcd5; width: 25%;\">Online-Preis<\/th>\n<\/tr>\n<\/thead>\n<tbody>\n<tr>\n<td style=\"padding: 12px; border: 1px solid #e0dcd5;\"><strong>Freitag 16:00 &#8211; 21:00 Uhr<\/strong><\/td>\n<td style=\"padding: 12px; border: 1px solid #e0dcd5;\">Einlass jederzeit<\/td>\n<td style=\"padding: 12px; border: 1px solid #e0dcd5;\"><strong>10,00 \u20ac<\/strong><\/td>\n<\/tr>\n<tr>\n<td style=\"padding: 12px; border: 1px solid #e0dcd5;\"><strong>Samstag 16:00 &#8211; 21:00 Uhr<\/strong><\/td>\n<td style=\"padding: 12px; border: 1px solid #e0dcd5;\">Einlass jederzeit<\/td>\n<td style=\"padding: 12px; border: 1px solid #e0dcd5;\"><strong>12,50 \u20ac<\/strong><\/td>\n<\/tr>\n<tr>\n<td style=\"padding: 12px; border: 1px solid #e0dcd5;\"><strong>Sonntag 16:00 &#8211; 21:00 Uhr<\/strong><\/td>\n<td style=\"padding: 12px; border: 1px solid #e0dcd5;\">Einlass jederzeit<\/td>\n<td style=\"padding: 12px; border: 1px solid #e0dcd5;\"><strong>12,50 \u20ac<\/strong><\/td>\n<\/tr>\n<\/tbody>\n<\/table>\n<p><!-- 3. Adventswochenende --><\/p>\n<div style=\"display: flex; justify-content: space-between; gap: 12px; align-items: center; border: 1px solid #e4e0da; border-radius: 6px; padding: 10px 14px; margin-bottom: 8px;\"><strong>3. Advents-Wochenende<\/strong>12.\u201314. Dezember<br \/>\n<a style=\"background: #8b0000; color: #fff; padding: 6px 16px; border-radius: 999px; text-decoration: none; font-weight: 600;\" href=\"#tickets\">Tickets<\/a><\/div>\n<p><!-- 4. Adventswochenende --><\/p>\n<div style=\"display: flex; justify-content: space-between; gap: 12px; align-items: center; border: 1px solid #e4e0da; border-radius: 6px; padding: 10px 14px; margin-bottom: 8px;\"><strong>4. Advents-Wochenende<\/strong>19.\u201321. Dezember<br \/>\n<a style=\"background: #8b0000; color: #fff; padding: 6px 16px; border-radius: 999px; text-decoration: none; font-weight: 600;\" href=\"#tickets\">Tickets<\/a><\/div>\n<p><!-- Zusatztage --><\/p>\n<div style=\"display: flex; justify-content: space-between; gap: 12px; align-items: center; border: 1px solid #e4e0da; border-radius: 6px; padding: 10px 14px; margin-bottom: 16px;\"><strong>Zusatz-Wochenende \u00a0 \u00a0 \u00a0\u00a0<\/strong>26.\u201328. Dezember<br \/>\n<a style=\"background: #8b0000; color: #fff; padding: 6px 16px; border-radius: 999px; text-decoration: none; font-weight: 600;\" href=\"#tickets\">Tickets<\/a><\/div>\n<p><!-- Tabelle f\u00fcr 3., 4. Advent & Zusatztage --><\/p>\n<table style=\"width: 100%; border-collapse: collapse; margin-bottom: 20px;\">\n<thead>\n<tr style=\"background: #f3f0ec; text-align: left;\">\n<th style=\"padding: 12px; border: 1px solid #e0dcd5; width: 25%;\">\u00d6ffnungszeiten<\/th>\n<th style=\"padding: 12px; border: 1px solid #e0dcd5; width: 50%;\">Einlass-Zeit<\/th>\n<th style=\"padding: 12px; border: 1px solid #e0dcd5; width: 25%;\">Online-Preis<\/th>\n<\/tr>\n<\/thead>\n<tbody><!-- Freitag --><\/p>\n<tr>\n<td style=\"padding: 12px; border: 1px solid #e0dcd5;\"><strong>Freitag 16:00 &#8211; 21:00 Uhr<\/strong><\/td>\n<td style=\"padding: 12px; border: 1px solid #e0dcd5;\">Einlass jederzeit<\/td>\n<td style=\"padding: 12px; border: 1px solid #e0dcd5;\"><strong>12,50 \u20ac<\/strong><\/td>\n<\/tr>\n<p><!-- Samstag Fr\u00fchstarter --><\/p>\n<tr>\n<td style=\"padding: 12px; border: 1px solid #e0dcd5;\" rowspan=\"3\"><strong>Samstag 16:00 &#8211; 21:00 Uhr<\/strong><\/td>\n<td style=\"padding: 12px; border: 1px solid #e0dcd5;\">Fr\u00fcheinlass \u2013 12:30\u201313:30 Uhr<\/td>\n<td style=\"padding: 12px; border: 1px solid #e0dcd5;\"><strong>12,50 \u20ac<\/strong><\/td>\n<\/tr>\n<p><!-- Samstag normal --><\/p>\n<tr>\n<td style=\"padding: 12px; border: 1px solid #e0dcd5;\">Einlass jederzeit<\/td>\n<td style=\"padding: 12px; border: 1px solid #e0dcd5;\"><strong>15,00 \u20ac<\/strong><\/td>\n<\/tr>\n<p><!-- Samstag sp\u00e4t --><\/p>\n<tr>\n<td style=\"padding: 12px; border: 1px solid #e0dcd5;\">Sp\u00e4teinlass \u2013 ab 18:30 Uhr<\/td>\n<td style=\"padding: 12px; border: 1px solid #e0dcd5;\"><strong>12,50 \u20ac<\/strong><\/td>\n<\/tr>\n<p><!-- Sonntag Fr\u00fchstarter --><\/p>\n<tr>\n<td style=\"padding: 12px; border: 1px solid #e0dcd5;\" rowspan=\"3\"><strong>Sonntag 16:00 &#8211; 21:00 Uhr<\/strong><\/td>\n<td style=\"padding: 12px; border: 1px solid #e0dcd5;\">Fr\u00fcheinlass \u2013 11:30\u201312:30 Uhr<\/td>\n<td style=\"padding: 12px; border: 1px solid #e0dcd5;\"><strong>12,50 \u20ac<\/strong><\/td>\n<\/tr>\n<p><!-- Sonntag normal --><\/p>\n<tr>\n<td style=\"padding: 12px; border: 1px solid #e0dcd5;\">Einlass jederzeit<\/td>\n<td style=\"padding: 12px; border: 1px solid #e0dcd5;\"><strong>15,00 \u20ac<\/strong><\/td>\n<\/tr>\n<p><!-- Sonntag sp\u00e4t --><\/p>\n<tr>\n<td style=\"padding: 12px; border: 1px solid #e0dcd5;\">Sp\u00e4teinlass \u2013 \u00a0ab 17:30 Uhr<\/td>\n<td style=\"padding: 12px; border: 1px solid #e0dcd5;\"><strong>12,50 \u20ac<\/strong><\/td>\n<\/tr>\n<\/tbody>\n<\/table>\n<p><!-- Hinweis --><\/p>\n<div style=\"background: #f9f5ef; border: 1px solid #eadfce; border-radius: 6px; padding: 12px 14px; margin-bottom: 18px;\">\n<p style=\"margin: 0;\">Hinweis: Tickets an der Tageskasse kosten jeweils <strong>2,50 \u20ac mehr<\/strong> als die oben genannten Online-Preise.<br \/>\nBitte Tickets m\u00f6glichst <strong>vorab online kaufen<\/strong> \u2013 das ist auch noch <strong>am Veranstaltungstag<\/strong> m\u00f6glich.<br \/>\nNur so ist der <strong>Einlass gew\u00e4hrleistet<\/strong> und man <strong>vermeidet Wartezeiten<\/strong> an der Kasse.<\/p>\n<\/div>\n<\/section>\n<p>[\/vc_column_text][\/vc_column][\/vc_row][vc_row][vc_column css=&#8221;.vc_custom_1633353092094{margin-top: 50px !important;margin-bottom: 30px !important;}&#8221;][vc_single_image image=&#8221;1566&#8243; img_size=&#8221;large&#8221; alignment=&#8221;center&#8221; onclick=&#8221;link_image&#8221; css=&#8221;&#8221; lazy_loading=&#8221;true&#8221;][\/vc_column][\/vc_row][vc_row type=&#8221;5&#8243;][vc_column animation=&#8221;fadeIn&#8221; css=&#8221;.vc_custom_1477387808892{margin-top: 30px !important;}&#8221;][vc_column_text css_animation=&#8221;fadeInDown&#8221; css=&#8221;.vc_custom_1538466204913{margin-top: 25px !important;margin-bottom: 50px !important;}&#8221;]<\/p>\n<h1>Impressionen<\/h1>\n<p>[\/vc_column_text][vc_media_grid style=&#8221;load-more&#8221; items_per_page=&#8221;12&#8243; element_width=&#8221;3&#8243; gap=&#8221;20&#8243; css=&#8221;&#8221; btn_color=&#8221;white&#8221; btn_add_icon=&#8221;true&#8221; btn_custom_onclick=&#8221;true&#8221; btn_smooth_scroll=&#8221;true&#8221; grid_id=&#8221;vc_gid:1761825254966-b3d5e887-0239-8&#8243; include=&#8221;1533,1849,1837,1549,1835,1859,1546,1851,1853,1543,1845,1534,1841,1518,1519,1522,1843,1839,1857,1536,1527,1537,1526,1521,1547,1525,1523,1497,1502,1494,1474,1476,1495,1500,1473,1496,1477,1475,1292,1492,1481,1268,1298,1272,1293,1297,1294,1271,1280,1278,1274,1269,1270,1279,1277,1253,1248,1255,1249,1201,1276,1245,1209,1251,1203,1273,1246,1250,1204,1206,1202,1179,1208,1189,1205,1197,1184,1196,1185,1187,1188,1191,1192,1194,1195,1182,1181,1180,1207,1210,1200,1212,1213,1215,1216,1217,1218,1219,1220,1221,1222,1223,1224,1225,1226,1227,1228,1230,1234,1235,1237,1236,1254,1247,1252,1501,1520,1548,1535,1861,1855,1847&#8243;][\/vc_column][\/vc_row]<\/p>\n<\/div>","protected":false},"excerpt":{"rendered":"<p>[vc_row type=&#8221;1&#8243; bg_color=&#8221;#00152f&#8221; bg_position=&#8221;center&#8221; bg_cover=&#8221;true&#8221; enable_parallax=&#8221;false&#8221; parallax_speed=&#8221;0.3&#8243;][vc_column][vc_single_image image=&#8221;1454&#8243; img_size=&#8221;full&#8221; alignment=&#8221;center&#8221; css=&#8221;.vc_custom_1757500613179{padding-top: 15px !important;padding-bottom: 250px !important;}&#8221;][vc_single_image image=&#8221;2332&#8243; img_size=&#8221;full&#8221; alignment=&#8221;center&#8221; css=&#8221;.vc_custom_1757500507828{margin-top: 0px !important;}&#8221;][\/vc_column][\/vc_row][vc_row type=&#8221;5&#8243;][vc_column animation=&#8221;fadeIn&#8221; css=&#8221;.vc_custom_1477387808892{margin-top: 30px !important;}&#8221;][vc_column_text css_animation=&#8221;fadeInDown&#8221; css=&#8221;.vc_custom_1736267348084{margin-top: 25px !important;margin-bottom: 50px !important;}&#8221;] Schloss Kaltenberg \u2013 Magischer Advent 2025 Es ist der wohl ungew\u00f6hnlichste und stimmungsvollste Weihnachtsmarkt, der an allen\u00a0Advents-Wochenenden auf Schloss Kaltenberg zu erleben ist.&hellip;<\/p>\n","protected":false},"author":1,"featured_media":0,"parent":0,"menu_order":0,"comment_status":"closed","ping_status":"open","template":"","meta":{"footnotes":""},"class_list":["post-2443","page","type-page","status-publish","hentry","description-off"],"_links":{"self":[{"href":"https:\/\/www.schloss-kaltenberg-weihnachtsmarkt.de\/en\/wp-json\/wp\/v2\/pages\/2443","targetHints":{"allow":["GET"]}}],"collection":[{"href":"https:\/\/www.schloss-kaltenberg-weihnachtsmarkt.de\/en\/wp-json\/wp\/v2\/pages"}],"about":[{"href":"https:\/\/www.schloss-kaltenberg-weihnachtsmarkt.de\/en\/wp-json\/wp\/v2\/types\/page"}],"author":[{"embeddable":true,"href":"https:\/\/www.schloss-kaltenberg-weihnachtsmarkt.de\/en\/wp-json\/wp\/v2\/users\/1"}],"replies":[{"embeddable":true,"href":"https:\/\/www.schloss-kaltenberg-weihnachtsmarkt.de\/en\/wp-json\/wp\/v2\/comments?post=2443"}],"version-history":[{"count":3,"href":"https:\/\/www.schloss-kaltenberg-weihnachtsmarkt.de\/en\/wp-json\/wp\/v2\/pages\/2443\/revisions"}],"predecessor-version":[{"id":2446,"href":"https:\/\/www.schloss-kaltenberg-weihnachtsmarkt.de\/en\/wp-json\/wp\/v2\/pages\/2443\/revisions\/2446"}],"wp:attachment":[{"href":"https:\/\/www.schloss-kaltenberg-weihnachtsmarkt.de\/en\/wp-json\/wp\/v2\/media?parent=2443"}],"curies":[{"name":"wp","href":"https:\/\/api.w.org\/{rel}","templated":true}]}}